{"id":6863,"date":"2024-06-07T12:31:18","date_gmt":"2024-06-07T10:31:18","guid":{"rendered":"https:\/\/www.connexion-bois-direct.fr\/fr\/?page_id=6863"},"modified":"2024-06-07T12:31:18","modified_gmt":"2024-06-07T10:31:18","slug":"devis-terrasse-composite","status":"publish","type":"page","link":"https:\/\/www.connexion-bois-direct.fr\/fr\/devis-terrasse-composite\/","title":{"rendered":"Devis terrasse composite"},"content":{"rendered":"<div class=\"wpb-content-wrapper\"><p>[vc_row equal_height=\u00a0\u00bbyes\u00a0\u00bb type=\u00a0\u00bbvc_default\u00a0\u00bb css=\u00a0\u00bb.vc_custom_1607017093851{padding-top: 25px !important;padding-bottom: 50px !important;}\u00a0\u00bb el_id=\u00a0\u00bbterrasse\u00a0\u00bb][vc_column]<div id=\"ultimate-heading-332469d370889cba5\" class=\"uvc-heading ult-adjust-bottom-margin ultimate-heading-332469d370889cba5 uvc-4728 accent-border-color\" data-hspacer=\"no_spacer\"  data-halign=\"center\" style=\"text-align:center\"><div class=\"uvc-heading-spacer no_spacer\" style=\"top\"><\/div><div class=\"uvc-main-heading ult-responsive\"  data-ultimate-target='.uvc-heading.ultimate-heading-332469d370889cba5 h1'  data-responsive-json-new='{\"font-size\":\"desktop:70px;\",\"line-height\":\"desktop:80px;\"}' ><h1 style=\"font-weight:bold;color:#000000;\">DEVIS EN LIGNE<\/h1><\/div><div class=\"uvc-sub-heading ult-responsive\"  data-ultimate-target='.uvc-heading.ultimate-heading-332469d370889cba5 .uvc-sub-heading '  data-responsive-json-new='{\"font-size\":\"desktop:40px;\",\"line-height\":\"desktop:50px;\"}'  style=\"font-weight:normal;color:#ee6900;\"><\/p>\n<p style=\"text-align: center;\">TERRASSE COMPOSITE<\/p>\n<p><\/div><\/div>[\/vc_column][\/vc_row][vc_row][vc_column]<div id=\"ultimate-heading-982969d370889cbdb\" class=\"uvc-heading ult-adjust-bottom-margin ultimate-heading-982969d370889cbdb uvc-595 accent-border-color\" data-hspacer=\"no_spacer\"  data-halign=\"center\" style=\"text-align:center\"><div class=\"uvc-heading-spacer no_spacer\" style=\"top\"><\/div><div class=\"uvc-main-heading ult-responsive\"  data-ultimate-target='.uvc-heading.ultimate-heading-982969d370889cbdb h2'  data-responsive-json-new='{\"font-size\":\"desktop:26px;\",\"line-height\":\"desktop:36px;\"}' ><h2 style=\"--font-weight:theme;\">vous avez \u00e9t\u00e9 redirigez vers notre formulaire secondaire car il y a un probl\u00e8me technique. Vous pouvez maintenant finaliser votre demande en toute s\u00e9curit\u00e9<\/h2><\/div><div class=\"uvc-sub-heading ult-responsive\"  data-ultimate-target='.uvc-heading.ultimate-heading-982969d370889cbdb .uvc-sub-heading '  data-responsive-json-new='{\"font-size\":\"\",\"line-height\":\"\"}'  style=\"font-weight:normal;\">Merci de remplir le formulaire afin de recevoir votre devis sous 24 heures * Donn\u00e9es obligatoires<\/div><\/div>[\/vc_column][\/vc_row][vc_row css=\u00a0\u00bb.vc_custom_1614590712089{margin-top: 25px !important;padding-top: 25px !important;padding-right: 25px !important;padding-left: 25px !important;}\u00a0\u00bb][vc_column]\n<div class=\"wpcf7 no-js\" id=\"wpcf7-f6866-o1\" lang=\"fr-FR\" dir=\"ltr\">\n<div class=\"screen-reader-response\"><p role=\"status\" aria-live=\"polite\" aria-atomic=\"true\"><\/p> <ul><\/ul><\/div>\n<form action=\"\/fr\/wp-json\/wp\/v2\/pages\/6863#wpcf7-f6866-o1\" method=\"post\" class=\"wpcf7-form init\" aria-label=\"Formulaire de contact\" enctype=\"multipart\/form-data\" novalidate=\"novalidate\" data-status=\"init\">\n<div style=\"display: none;\">\n<input type=\"hidden\" name=\"_wpcf7\" value=\"6866\" \/>\n<input type=\"hidden\" name=\"_wpcf7_version\" value=\"5.9.8\" \/>\n<input type=\"hidden\" name=\"_wpcf7_locale\" value=\"fr_FR\" \/>\n<input type=\"hidden\" name=\"_wpcf7_unit_tag\" value=\"wpcf7-f6866-o1\" \/>\n<input type=\"hidden\" name=\"_wpcf7_container_post\" value=\"0\" \/>\n<input type=\"hidden\" name=\"_wpcf7_posted_data_hash\" value=\"\" \/>\n<\/div>\n<h4><strong>Je d\u00e9cris mon projet<\/strong>\n<\/h4>\n<p><span class=\"wpcf7-form-control-wrap\" data-name=\"bois\"><select class=\"wpcf7-form-control wpcf7-select wpcf7-validates-as-required\" aria-required=\"true\" aria-invalid=\"false\" name=\"bois\"><option value=\"\">Lame de terrasse*<\/option><option value=\"Composite Smartboard\">Composite Smartboard<\/option><option value=\"Composite Silvadec Nuances IPE\">Composite Silvadec Nuances IPE<\/option><option value=\"Composite TimberTech\">Composite TimberTech<\/option><\/select><\/span><br \/>\n<span class=\"wpcf7-form-control-wrap\" data-name=\"menu-890\"><select class=\"wpcf7-form-control wpcf7-select wpcf7-validates-as-required\" aria-required=\"true\" aria-invalid=\"false\" name=\"menu-890\"><option value=\"\">Support de pose*<\/option><option value=\"DALLLE EN B\u00c9TON\">DALLLE EN B\u00c9TON<\/option><option value=\"PLOT EN B\u00c9TON\">PLOT EN B\u00c9TON<\/option><option value=\"TERRE\">TERRE<\/option><option value=\"GRAVIER\">GRAVIER<\/option><option value=\"SOL STABLE\">SOL STABLE<\/option><option value=\"TERRASSE\">TERRASSE<\/option><option value=\"AUTRE\">AUTRE<\/option><\/select><\/span><br \/>\n<span class=\"wpcf7-form-control-wrap\" data-name=\"hauteur\"><input size=\"40\" maxlength=\"400\" class=\"wpcf7-form-control wpcf7-text\" aria-invalid=\"false\" placeholder=\"Hauteur de r\u00e9serve\" value=\"\" type=\"text\" name=\"hauteur\" \/><\/span><br \/>\n<span class=\"wpcf7-form-control-wrap\" data-name=\"surface\"><input size=\"40\" maxlength=\"400\" class=\"wpcf7-form-control wpcf7-text wpcf7-validates-as-required\" aria-required=\"true\" aria-invalid=\"false\" placeholder=\"Surface*\" value=\"\" type=\"text\" name=\"surface\" \/><\/span><br \/>\n<span class=\"wpcf7-form-control-wrap\" data-name=\"menu-891\"><select class=\"wpcf7-form-control wpcf7-select wpcf7-validates-as-required\" aria-required=\"true\" aria-invalid=\"false\" name=\"menu-891\"><option value=\"\">Date de votre projet*<\/option><option value=\"Imm\u00e9diatement\">Imm\u00e9diatement<\/option><option value=\"Moins de 1 mois\">Moins de 1 mois<\/option><option value=\"Moins de 6 mois\">Moins de 6 mois<\/option><option value=\"Moins de 12 mois\">Moins de 12 mois<\/option><option value=\"Plus de 12 mois\">Plus de 12 mois<\/option><\/select><\/span><br \/>\n<span class=\"wpcf7-form-control-wrap\" data-name=\"textarea-461\"><textarea cols=\"40\" rows=\"10\" maxlength=\"2000\" class=\"wpcf7-form-control wpcf7-textarea\" aria-invalid=\"false\" placeholder=\"Description de votre projet (Facultatif)\" name=\"textarea-461\"><\/textarea><\/span>\n<\/p>\n<h4><strong>Je joins mes documents, plans, croquis, etc... (max. 2 Mo)<\/strong>\n<\/h4>\n<div id=\"mfcf7_zl_multifilecontainer\"><span class=\"mfcf7-zl-multiline-sample\" style=\"display:none\"><p class=\"wpcf7-form-control-wrap multilinefile-138\"><input size=\"40\" class=\"wpcf7-form-control wpcf7-multilinefile\" multiple=\"multiple\" value=\"Upload\" aria-invalid=\"false\" type=\"file\" name=\"multilinefile-138[]\" \/> <span class=\"mfcf7-zl-multifile-name\"><\/span><a href=\"javascript:void(0);\" class=\"mfcf7_zl_delete_file\"><span class=\"delete-file\" aria-hidden=\"true\">&#x274C;<\/span><\/a><\/p><\/span><\/div><span class=\"wpcf7-form-control-wrap zl-form-control-wrap multilinefile-138\"><input size=\"40\" class=\"wpcf7-form-control wpcf7-multilinefile\" multiple=\"multiple\" value=\"Upload\" aria-invalid=\"false\" type=\"file\" name=\"multilinefile-138[]\" \/> <span class=\"mfcf7-zl-multifile-name\"><\/span><a href=\"javascript:void(0);\" class=\"mfcf7_zl_delete_file\"><span class=\"delete-file\" aria-hidden=\"true\">&#x274C;<\/span><\/a><\/span><p><label><span class=\"wpcf7-form-control-wrap\" data-name=\"multilinefile-138-zl-mfcf7-upld-btn\"><input type=\"button\" name=\"multilinefile-138-zl-mfcf7-upld-btn\" class=\"button button-primary qbutton\" id=\"mfcf7_zl_add_file\" value=\"Upload\"><\/span><\/label><\/p>\n<\/p>\n<h4><strong>Je laisse mes coordonn\u00e9es<\/strong>\n<\/h4>\n<p><span class=\"wpcf7-form-control-wrap\" data-name=\"menu-177\"><select class=\"wpcf7-form-control wpcf7-select wpcf7-validates-as-required\" aria-required=\"true\" aria-invalid=\"false\" name=\"menu-177\"><option value=\"\">Civilit\u00e9 *<\/option><option value=\"M.\">M.<\/option><option value=\"Mme\">Mme<\/option><option value=\"Mlle\">Mlle<\/option><\/select><\/span><br \/>\n<span class=\"wpcf7-form-control-wrap\" data-name=\"nom\"><input size=\"40\" maxlength=\"400\" class=\"wpcf7-form-control wpcf7-text wpcf7-validates-as-required\" aria-required=\"true\" aria-invalid=\"false\" placeholder=\"Nom*\" value=\"\" type=\"text\" name=\"nom\" \/><\/span><br \/>\n<span class=\"wpcf7-form-control-wrap\" data-name=\"prenom\"><input size=\"40\" maxlength=\"400\" class=\"wpcf7-form-control wpcf7-text wpcf7-validates-as-required\" aria-required=\"true\" aria-invalid=\"false\" placeholder=\"Pr\u00e9nom*\" value=\"\" type=\"text\" name=\"prenom\" \/><\/span><br \/>\n<span class=\"wpcf7-form-control-wrap\" data-name=\"societe\"><input size=\"40\" maxlength=\"400\" class=\"wpcf7-form-control wpcf7-text\" aria-invalid=\"false\" placeholder=\"Soci\u00e9t\u00e9\" value=\"\" type=\"text\" name=\"societe\" \/><\/span><br \/>\n<span class=\"wpcf7-form-control-wrap\" data-name=\"email\"><input size=\"40\" maxlength=\"400\" class=\"wpcf7-form-control wpcf7-email wpcf7-validates-as-required wpcf7-text wpcf7-validates-as-email\" aria-required=\"true\" aria-invalid=\"false\" placeholder=\"Email*\" value=\"\" type=\"email\" name=\"email\" \/><\/span><br \/>\n<span class=\"wpcf7-form-control-wrap\" data-name=\"telephone\"><input size=\"40\" maxlength=\"400\" class=\"wpcf7-form-control wpcf7-text wpcf7-validates-as-required\" aria-required=\"true\" aria-invalid=\"false\" placeholder=\"T\u00e9l\u00e9phone*\" value=\"\" type=\"text\" name=\"telephone\" \/><\/span><br \/>\n<span class=\"wpcf7-form-control-wrap\" data-name=\"adresse\"><input size=\"40\" maxlength=\"400\" class=\"wpcf7-form-control wpcf7-text wpcf7-validates-as-required\" aria-required=\"true\" aria-invalid=\"false\" placeholder=\"Adresse*\" value=\"\" type=\"text\" name=\"adresse\" \/><\/span><br \/>\n<span class=\"wpcf7-form-control-wrap\" data-name=\"complement\"><input size=\"40\" maxlength=\"400\" class=\"wpcf7-form-control wpcf7-text\" aria-invalid=\"false\" placeholder=\"Compl\u00e9ment\" value=\"\" type=\"text\" name=\"complement\" \/><\/span><br \/>\n<span class=\"wpcf7-form-control-wrap\" data-name=\"cp\"><input size=\"40\" maxlength=\"400\" class=\"wpcf7-form-control wpcf7-text wpcf7-validates-as-required\" aria-required=\"true\" aria-invalid=\"false\" placeholder=\"CP*\" value=\"\" type=\"text\" name=\"cp\" \/><\/span><br \/>\n<span class=\"wpcf7-form-control-wrap\" data-name=\"Ville\"><input size=\"40\" maxlength=\"400\" class=\"wpcf7-form-control wpcf7-text wpcf7-validates-as-required\" aria-required=\"true\" aria-invalid=\"false\" placeholder=\"Ville*\" value=\"\" type=\"text\" name=\"Ville\" \/><\/span><br \/>\n<span class=\"wpcf7-form-control-wrap\" data-name=\"pays\"><input size=\"40\" maxlength=\"400\" class=\"wpcf7-form-control wpcf7-text wpcf7-validates-as-required\" aria-required=\"true\" aria-invalid=\"false\" placeholder=\"Pays*\" value=\"\" type=\"text\" name=\"pays\" \/><\/span>\n<\/p>\n<h4><strong>Avez-vous besoin d'un poseur ?<\/strong>\n<\/h4>\n<p><span class=\"wpcf7-form-control-wrap\" data-name=\"radio-374\"><span class=\"wpcf7-form-control wpcf7-radio\"><span class=\"wpcf7-list-item first\"><span class=\"wpcf7-list-item-label\">Oui<\/span><input type=\"radio\" name=\"radio-374\" value=\"Oui\" \/><\/span><span class=\"wpcf7-list-item last\"><span class=\"wpcf7-list-item-label\">Non<\/span><input type=\"radio\" name=\"radio-374\" value=\"Non\" checked=\"checked\" \/><\/span><\/span><\/span>\n<\/p>\n<h4><strong>Je souhaite recevoir un \u00e9chantillon * (co\u00fbt : 15 \u20ac)<\/strong>\n<\/h4>\n<p>Rembours\u00e9 lors de la commande. Uniquement essences bois<br \/>\n<span class=\"wpcf7-form-control-wrap\" data-name=\"radio-375\"><span class=\"wpcf7-form-control wpcf7-radio\"><span class=\"wpcf7-list-item first\"><span class=\"wpcf7-list-item-label\">Oui<\/span><input type=\"radio\" name=\"radio-375\" value=\"Oui\" \/><\/span><span class=\"wpcf7-list-item last\"><span class=\"wpcf7-list-item-label\">Non<\/span><input type=\"radio\" name=\"radio-375\" value=\"Non\" checked=\"checked\" \/><\/span><\/span><\/span>\n<\/p>\n<p><span class=\"wpcf7-form-control-wrap\" data-name=\"promotion\"><input size=\"40\" maxlength=\"400\" class=\"wpcf7-form-control wpcf7-text\" aria-invalid=\"false\" placeholder=\"Code promotion\" value=\"\" type=\"text\" name=\"promotion\" \/><\/span>\n<\/p>\n<p><input class=\"wpcf7-form-control wpcf7-submit has-spinner\" type=\"submit\" value=\"CLIQUEZ ICI POUR RECEVOIR VOTRE DEVIS SOUS 24H\" \/>\n<\/p><div class=\"wpcf7-response-output\" aria-hidden=\"true\"><\/div>\n<\/form>\n<\/div>\n[\/vc_column][\/vc_row][vc_row css=\u00a0\u00bb.vc_custom_1614590703885{padding-right: 25px !important;padding-bottom: 25px !important;padding-left: 25px !important;}\u00a0\u00bb][vc_column][vc_column_text]<\/p>\n<h5><strong>Vos donn\u00e9es ne seront pas commercialis\u00e9es et ne serviront que pour r\u00e9pondre \u00e0 votre demande.<\/strong><\/h5>\n<p>[\/vc_column_text][\/vc_column][\/vc_row]<\/p>\n<\/div>","protected":false},"excerpt":{"rendered":"<p>[vc_row equal_height=\u00a0\u00bbyes\u00a0\u00bb type=\u00a0\u00bbvc_default\u00a0\u00bb css=\u00a0\u00bb.vc_custom_1607017093851{padding-top: 25px !important;padding-bottom: 50px !important;}\u00a0\u00bb el_id=\u00a0\u00bbterrasse\u00a0\u00bb][vc_column][\/vc_column][\/vc_row][vc_row][vc_column][\/vc_column][\/vc_row][vc_row css=\u00a0\u00bb.vc_custom_1614590712089{margin-top: 25px !important;padding-top: 25px !important;padding-right: 25px !important;padding-left: 25px !important;}\u00a0\u00bb][vc_column][\/vc_column][\/vc_row][vc_row css=\u00a0\u00bb.vc_custom_1614590703885{padding-right: 25px !important;padding-bottom: 25px !important;padding-left: 25px !important;}\u00a0\u00bb][vc_column][vc_column_text] Vos donn\u00e9es ne seront pas commercialis\u00e9es et ne serviront que pour r\u00e9pondre \u00e0 votre demande. [\/vc_column_text][\/vc_column][\/vc_row]<\/p>\n","protected":false},"author":1,"featured_media":0,"parent":0,"menu_order":0,"comment_status":"closed","ping_status":"closed","template":"","meta":{"footnotes":""},"class_list":["post-6863","page","type-page","status-publish","hentry","description-off"],"yoast_head":"<!-- This site is optimized with the Yoast SEO plugin v23.6 - https:\/\/yoast.com\/wordpress\/plugins\/seo\/ -->\n<title>Devis terrasse composite - Connexion Bois Direct<\/title>\n<meta name=\"robots\" content=\"index, follow, max-snippet:-1, max-image-preview:large, max-video-preview:-1\" \/>\n<link rel=\"canonical\" href=\"https:\/\/www.connexion-bois-direct.fr\/fr\/devis-terrasse-composite\/\" \/>\n<meta property=\"og:locale\" content=\"fr_FR\" \/>\n<meta property=\"og:type\" content=\"article\" \/>\n<meta property=\"og:title\" content=\"Devis terrasse composite - Connexion Bois Direct\" \/>\n<meta property=\"og:description\" content=\"[vc_row equal_height=\u00a0\u00bbyes\u00a0\u00bb type=\u00a0\u00bbvc_default\u00a0\u00bb css=\u00a0\u00bb.vc_custom_1607017093851{padding-top: 25px !important;padding-bottom: 50px !important;}\u00a0\u00bb el_id=\u00a0\u00bbterrasse\u00a0\u00bb][vc_column][\/vc_column][\/vc_row][vc_row][vc_column][\/vc_column][\/vc_row][vc_row css=\u00a0\u00bb.vc_custom_1614590712089{margin-top: 25px !important;padding-top: 25px !important;padding-right: 25px !important;padding-left: 25px !important;}\u00a0\u00bb][vc_column][\/vc_column][\/vc_row][vc_row css=\u00a0\u00bb.vc_custom_1614590703885{padding-right: 25px !important;padding-bottom: 25px !important;padding-left: 25px !important;}\u00a0\u00bb][vc_column][vc_column_text] Vos donn\u00e9es ne seront pas commercialis\u00e9es et ne serviront que pour r\u00e9pondre \u00e0 votre demande. [\/vc_column_text][\/vc_column][\/vc_row]\" \/>\n<meta property=\"og:url\" content=\"https:\/\/www.connexion-bois-direct.fr\/fr\/devis-terrasse-composite\/\" \/>\n<meta property=\"og:site_name\" content=\"Connexion Bois Direct\" \/>\n<meta name=\"twitter:card\" content=\"summary_large_image\" \/>\n<meta name=\"twitter:label1\" content=\"Dur\u00e9e de lecture estim\u00e9e\" \/>\n\t<meta name=\"twitter:data1\" content=\"1 minute\" \/>\n<script type=\"application\/ld+json\" class=\"yoast-schema-graph\">{\"@context\":\"https:\/\/schema.org\",\"@graph\":[{\"@type\":\"WebPage\",\"@id\":\"https:\/\/www.connexion-bois-direct.fr\/fr\/devis-terrasse-composite\/\",\"url\":\"https:\/\/www.connexion-bois-direct.fr\/fr\/devis-terrasse-composite\/\",\"name\":\"Devis terrasse composite - Connexion Bois Direct\",\"isPartOf\":{\"@id\":\"https:\/\/www.connexion-bois-direct.fr\/fr\/#website\"},\"datePublished\":\"2024-06-07T10:31:18+00:00\",\"dateModified\":\"2024-06-07T10:31:18+00:00\",\"breadcrumb\":{\"@id\":\"https:\/\/www.connexion-bois-direct.fr\/fr\/devis-terrasse-composite\/#breadcrumb\"},\"inLanguage\":\"fr-FR\",\"potentialAction\":[{\"@type\":\"ReadAction\",\"target\":[\"https:\/\/www.connexion-bois-direct.fr\/fr\/devis-terrasse-composite\/\"]}]},{\"@type\":\"BreadcrumbList\",\"@id\":\"https:\/\/www.connexion-bois-direct.fr\/fr\/devis-terrasse-composite\/#breadcrumb\",\"itemListElement\":[{\"@type\":\"ListItem\",\"position\":1,\"name\":\"Accueil\",\"item\":\"https:\/\/www.connexion-bois-direct.fr\/fr\/\"},{\"@type\":\"ListItem\",\"position\":2,\"name\":\"Devis terrasse composite\"}]},{\"@type\":\"WebSite\",\"@id\":\"https:\/\/www.connexion-bois-direct.fr\/fr\/#website\",\"url\":\"https:\/\/www.connexion-bois-direct.fr\/fr\/\",\"name\":\"Connexion Bois Direct\",\"description\":\"Terrasse en bois exotique\",\"potentialAction\":[{\"@type\":\"SearchAction\",\"target\":{\"@type\":\"EntryPoint\",\"urlTemplate\":\"https:\/\/www.connexion-bois-direct.fr\/fr\/?s={search_term_string}\"},\"query-input\":{\"@type\":\"PropertyValueSpecification\",\"valueRequired\":true,\"valueName\":\"search_term_string\"}}],\"inLanguage\":\"fr-FR\"}]}<\/script>\n<!-- \/ Yoast SEO plugin. -->","yoast_head_json":{"title":"Devis terrasse composite - Connexion Bois Direct","robots":{"index":"index","follow":"follow","max-snippet":"max-snippet:-1","max-image-preview":"max-image-preview:large","max-video-preview":"max-video-preview:-1"},"canonical":"https:\/\/www.connexion-bois-direct.fr\/fr\/devis-terrasse-composite\/","og_locale":"fr_FR","og_type":"article","og_title":"Devis terrasse composite - Connexion Bois Direct","og_description":"[vc_row equal_height=\u00a0\u00bbyes\u00a0\u00bb type=\u00a0\u00bbvc_default\u00a0\u00bb css=\u00a0\u00bb.vc_custom_1607017093851{padding-top: 25px !important;padding-bottom: 50px !important;}\u00a0\u00bb el_id=\u00a0\u00bbterrasse\u00a0\u00bb][vc_column][\/vc_column][\/vc_row][vc_row][vc_column][\/vc_column][\/vc_row][vc_row css=\u00a0\u00bb.vc_custom_1614590712089{margin-top: 25px !important;padding-top: 25px !important;padding-right: 25px !important;padding-left: 25px !important;}\u00a0\u00bb][vc_column][\/vc_column][\/vc_row][vc_row css=\u00a0\u00bb.vc_custom_1614590703885{padding-right: 25px !important;padding-bottom: 25px !important;padding-left: 25px !important;}\u00a0\u00bb][vc_column][vc_column_text] Vos donn\u00e9es ne seront pas commercialis\u00e9es et ne serviront que pour r\u00e9pondre \u00e0 votre demande. [\/vc_column_text][\/vc_column][\/vc_row]","og_url":"https:\/\/www.connexion-bois-direct.fr\/fr\/devis-terrasse-composite\/","og_site_name":"Connexion Bois Direct","twitter_card":"summary_large_image","twitter_misc":{"Dur\u00e9e de lecture estim\u00e9e":"1 minute"},"schema":{"@context":"https:\/\/schema.org","@graph":[{"@type":"WebPage","@id":"https:\/\/www.connexion-bois-direct.fr\/fr\/devis-terrasse-composite\/","url":"https:\/\/www.connexion-bois-direct.fr\/fr\/devis-terrasse-composite\/","name":"Devis terrasse composite - Connexion Bois Direct","isPartOf":{"@id":"https:\/\/www.connexion-bois-direct.fr\/fr\/#website"},"datePublished":"2024-06-07T10:31:18+00:00","dateModified":"2024-06-07T10:31:18+00:00","breadcrumb":{"@id":"https:\/\/www.connexion-bois-direct.fr\/fr\/devis-terrasse-composite\/#breadcrumb"},"inLanguage":"fr-FR","potentialAction":[{"@type":"ReadAction","target":["https:\/\/www.connexion-bois-direct.fr\/fr\/devis-terrasse-composite\/"]}]},{"@type":"BreadcrumbList","@id":"https:\/\/www.connexion-bois-direct.fr\/fr\/devis-terrasse-composite\/#breadcrumb","itemListElement":[{"@type":"ListItem","position":1,"name":"Accueil","item":"https:\/\/www.connexion-bois-direct.fr\/fr\/"},{"@type":"ListItem","position":2,"name":"Devis terrasse composite"}]},{"@type":"WebSite","@id":"https:\/\/www.connexion-bois-direct.fr\/fr\/#website","url":"https:\/\/www.connexion-bois-direct.fr\/fr\/","name":"Connexion Bois Direct","description":"Terrasse en bois exotique","potentialAction":[{"@type":"SearchAction","target":{"@type":"EntryPoint","urlTemplate":"https:\/\/www.connexion-bois-direct.fr\/fr\/?s={search_term_string}"},"query-input":{"@type":"PropertyValueSpecification","valueRequired":true,"valueName":"search_term_string"}}],"inLanguage":"fr-FR"}]}},"_links":{"self":[{"href":"https:\/\/www.connexion-bois-direct.fr\/fr\/wp-json\/wp\/v2\/pages\/6863"}],"collection":[{"href":"https:\/\/www.connexion-bois-direct.fr\/fr\/wp-json\/wp\/v2\/pages"}],"about":[{"href":"https:\/\/www.connexion-bois-direct.fr\/fr\/wp-json\/wp\/v2\/types\/page"}],"author":[{"embeddable":true,"href":"https:\/\/www.connexion-bois-direct.fr\/fr\/wp-json\/wp\/v2\/users\/1"}],"replies":[{"embeddable":true,"href":"https:\/\/www.connexion-bois-direct.fr\/fr\/wp-json\/wp\/v2\/comments?post=6863"}],"version-history":[{"count":3,"href":"https:\/\/www.connexion-bois-direct.fr\/fr\/wp-json\/wp\/v2\/pages\/6863\/revisions"}],"predecessor-version":[{"id":6867,"href":"https:\/\/www.connexion-bois-direct.fr\/fr\/wp-json\/wp\/v2\/pages\/6863\/revisions\/6867"}],"wp:attachment":[{"href":"https:\/\/www.connexion-bois-direct.fr\/fr\/wp-json\/wp\/v2\/media?parent=6863"}],"curies":[{"name":"wp","href":"https:\/\/api.w.org\/{rel}","templated":true}]}}